{"id":48,"date":"2021-09-14T14:31:01","date_gmt":"2021-09-14T12:31:01","guid":{"rendered":"https:\/\/kvacany1.fara.sk\/?page_id=48"},"modified":"2023-06-28T13:07:28","modified_gmt":"2023-06-28T11:07:28","slug":"spevokol","status":"publish","type":"page","link":"https:\/\/kvacany.fara.sk\/?page_id=48","title":{"rendered":"Spevokol"},"content":{"rendered":"\n<p><strong>Detsk\u00fd spevokol pri kostole sv. Katar\u00edny Alexandrijskej v Kva\u010danoch<\/strong><\/p>\n\n\n\n<p>Detsk\u00fd spevokol pre\u0161iel mnoh\u00fdmi zmenami, niektor\u00e9 deti odi\u0161li a\u00a0in\u00e9 zasa pri\u0161li. V\u00a0roku 2005 \u2013 2006 na detsk\u00fdch om\u0161iach za\u010dal hr\u00e1va\u0165 Jozef Forg\u00e1\u010d a\u00a0od janu\u00e1ra 2008 za\u010dal hr\u00e1va\u0165 aj na sv\u00e4t\u00fdch om\u0161iach. V\u00a0novembri\u00a0 2011 na detsk\u00fdch\u00a0om\u0161iach za\u010dala hra\u0165 Veronika Par\u00ed\u017eekov\u00e1. Detsk\u00fd spevokol tvorili: Simonka Tylkov\u00e1, Erika a Emka Pa\u010desov\u00e1, Leila Gon\u0161enicov\u00e1, Emka Kudzbelov\u00e1, Tamarka Par\u00ed\u017eekov\u00e1, Sofia Urbanov\u00e1, Lucka Koj\u0161ov\u00e1, Terezka Ryp\u00e1kov\u00e1, T\u00e1ni\u010dka a\u00a0Erika Kunov\u00e1, Zuzka a\u00a0Katka Chleb\u00edkov\u00e1. Pri niektor\u00fdch sl\u00e1vnostn\u00fdch pr\u00edle\u017eitostiach, ako je pri 1. sv. prij\u00edman\u00ed n\u00e1m pom\u00e1haj\u00fa diev\u010dat\u00e1 : Mirka Glon\u010d\u00e1kov\u00e1 a\u00a0Barborka Las\u00e1kov\u00e1.\u00a0 Detsk\u00fd spevokol vedie Bc. Zuzana Par\u00ed\u017eekov\u00e1 a\u00a0Janka \u0160tepaniakov\u00e1. Aj ke\u010f sa n\u00e1m nie v\u017edy v\u0161etko podar\u00ed, mysl\u00edm si, \u017ee Bohu a aj veriacim to v\u00f4bec nevad\u00ed. D\u00f4le\u017eit\u00e9 je, \u017ee deti spievaj\u00fa s\u00a0chu\u0165ou,\u00a0el\u00e1nom a\u00a0na oslavu Boha. Reperto\u00e1r spevokolu tvoria zn\u00e1me aj menej zn\u00e1me pesni\u010dky, ukazova\u010dky, jednoduch\u00e9 piesne, nako\u013eko zbor tvoria aj deti z\u00a0materskej \u0161k\u00f4lky.<\/p>\n\n\n<div class=\"wp-block-image is-style-rounded\">\n<figure class=\"aligncenter size-full\"><img loading=\"lazy\" decoding=\"async\" width=\"800\" height=\"536\" src=\"https:\/\/kvacany.fara.sk\/wp-content\/uploads\/2023\/06\/DSC8486.jpg\" alt=\"\" class=\"wp-image-493\" srcset=\"https:\/\/kvacany.fara.sk\/wp-content\/uploads\/2023\/06\/DSC8486.jpg 800w, https:\/\/kvacany.fara.sk\/wp-content\/uploads\/2023\/06\/DSC8486-300x201.jpg 300w, https:\/\/kvacany.fara.sk\/wp-content\/uploads\/2023\/06\/DSC8486-768x515.jpg 768w, https:\/\/kvacany.fara.sk\/wp-content\/uploads\/2023\/06\/DSC8486-760x509.jpg 760w\" sizes=\"(max-width: 800px) 100vw, 800px\" \/><figcaption class=\"wp-element-caption\"> Detsk\u00fd spevokol pri kostole sv. Katar\u00edny Alexandrijskej v Kva\u010danoch <\/figcaption><\/figure><\/div>\n\n\n<p>Nech sa p\u00e1\u010di, pr\u00ed\u010fte medzi n\u00e1s, mal\u00ed a&nbsp;\u010di ve\u013ek\u00ed a&nbsp;oboha\u0165te svoju du\u0161u a&nbsp;srdie\u010dko na detsk\u00fdch sv. om\u0161iach, ktor\u00e9 s\u00fa nielen pre deti, ale aj pre n\u00e1s dospel\u00fdch ve\u013ek\u00fdm obohaten\u00edm.<\/p>\n\n\n\n<p><\/p>\n\n\n\n<h3 class=\"wp-block-heading\">CIRKEVN\u00dd SPEV\u00c1CKY ZBOR KOSTOLA SV.&nbsp; KATAR\u00cdNY V KVA\u010cANOCH<\/h3>\n\n\n\n<p>1. 7. 2002 pri\u0161iel do farnosti Kva\u010dany\u00a0vdp. Franti\u0161ek \u010cureja\u00a0a\u00a0v\u010faka nemu za\u010dala farnos\u0165 o\u017e\u00edva\u0165. Pomaly za\u010dal fungova\u0165 aj spevokol. Nov\u00fd p\u00e1n far\u00e1r,\u00a0 st\u00e1le povzbudzoval veriacich, aby sa v\u00a0kostole spievalo. A\u00a0tak\u00a0 ku koncu roka 2002 na odpustov\u00fa sl\u00e1vnos\u0165 sv. Katar\u00edny sa za\u010dal n\u00e1\u0161 spevokol preb\u00fadza\u0165. Na Vianoce hral Jozef H\u00faska a\u00a0pomohla mu\u00a0 So\u0148a Turzov\u00e1, ktor\u00e1 hrala s\u00a0de\u0165mi v\u00a0spevokole e\u0161te, ke\u010f hr\u00e1val na organe Jozef Galica ml. Ku koncu roka 2002 sa za\u010dala u\u010di\u0165 hra\u0165 p.\u00a0 Anna Galicov\u00e1 ako\u00a055 ro\u010dn\u00e1 a\u00a0od febru\u00e1ra 2003 sa stala hlavnou kantorkou\u00a0 farnosti. \u010eal\u0161\u00edm kantorom bol Jozef H\u00faska a\u00a0od roku 2008\u00a0 v\u00a0kantorsk\u00fdch povinnostiach pom\u00e1ha aj Jozef Forg\u00e1\u010d. S\u00a0ve\u013ekou chu\u0165ou a\u00a0el\u00e1nom sme sa pustili do hrania a\u00a0spievania u\u017e po\u010das p\u00f4stneho obdobia. Prvou\u00a0 ve\u013ekou sk\u00fa\u0161kou spevokolu boli Ve\u013ekono\u010dn\u00e9 sviatky v\u00a0roku 2003, ktor\u00e9 sami uzn\u00e1te, s\u00fa ve\u013emi n\u00e1ro\u010dn\u00e9. Aj ke\u010f sme sa len u\u010dili, na prv\u00fd raz sme to celkom dobre zvl\u00e1dli a\u00a0ve\u013ekono\u010dn\u00e9 trojdnie aj ve\u013ekono\u010dn\u00e1 nede\u013ea dopadla dobre a\u00a0p\u00e1n far\u00e1r bol s\u00a0nami spokojn\u00fd. Za\u010diatky boli \u0165a\u017ek\u00e9, aj ve\u013ea reptania, ale s\u00a0Bo\u017eou mocou a s\u00a0pomocou n\u00e1\u0161ho k\u0148aza sme to s trpezlivos\u0165ou a\u00a0obetavos\u0165ou zvl\u00e1dli.<\/p>\n\n\n<div class=\"wp-block-image is-style-rounded\">\n<figure class=\"aligncenter size-full\"><img loading=\"lazy\" decoding=\"async\" width=\"1024\" height=\"685\" src=\"https:\/\/kvacany.fara.sk\/wp-content\/uploads\/2023\/06\/DSC04656-1024x685-1.jpg\" alt=\"\" class=\"wp-image-494\" srcset=\"https:\/\/kvacany.fara.sk\/wp-content\/uploads\/2023\/06\/DSC04656-1024x685-1.jpg 1024w, https:\/\/kvacany.fara.sk\/wp-content\/uploads\/2023\/06\/DSC04656-1024x685-1-300x201.jpg 300w, https:\/\/kvacany.fara.sk\/wp-content\/uploads\/2023\/06\/DSC04656-1024x685-1-768x514.jpg 768w, https:\/\/kvacany.fara.sk\/wp-content\/uploads\/2023\/06\/DSC04656-1024x685-1-760x508.jpg 760w\" sizes=\"(max-width: 1024px) 100vw, 1024px\" \/><\/figure><\/div>\n\n\n<p>V\u00a0za\u010diatkoch\u00a0spevokolu ve\u013emi dobre pomohli p\u00e1n u\u010dite\u013e Milan \u010cerven\u00fd a\u00a0pani u\u010dite\u013eka Em\u00edlia \u010cerven\u00e1. Ved\u00facou spevokolu sa stala Bc. Zuzana Par\u00ed\u017eekov\u00e1 a\u00a0postupne sa pridali: Elena \u0160tepaniakov\u00e1, Janka \u0160tepaniakov\u00e1, M\u00e1ria Tk\u00e1\u010dov\u00e1, Hela H\u00faskov\u00e1, Milan \u010cendula, Jozef Koj\u0161, Jozef Klep\u00e1\u010d, \u010cerven\u00fd Milan s\u00a0man\u017eelkou Em\u00edliou, J\u00falius Kudzbel, Anna Burdelov\u00e1, Anna Drbjakov\u00e1, na Ve\u013ek\u00fa noc 2009 sa pridala ku n\u00e1m Anabela Ratulovsk\u00e1 a\u00a0na Vianoce 2010 pri\u0161iel medzi n\u00e1s \u010fal\u0161\u00ed spev\u00e1k Mgr. Ladislav Gromsk\u00fd. Niekedy n\u00e1m pr\u00eddu pom\u00f4c\u0165 zaspieva\u0165 diev\u010dat\u00e1 : Veronika Par\u00ed\u017eekov\u00e1, Mirka Glon\u010d\u00e1kov\u00e1 a\u00a0Barborka Las\u00e1kov\u00e1. Svoj\u00edm spevom prispievame ku kraj\u0161iemu pre\u017eitiu om\u0161\u00ed, ako s\u00fa\u00a0 svadobn\u00e9 om\u0161e, krsty, prv\u00e9 sv. prij\u00edmania, rekolekcie, birmovka, pohrebn\u00e9 om\u0161e,\u00a0cirkevn\u00e9 sviatky, viano\u010dn\u00e9 a\u00a0ve\u013ekono\u010dn\u00e9 sviatky. Ka\u017ed\u00e1 pomoc, ktor\u00e1 vych\u00e1dza zo srdca a\u00a0z\u00a0celej du\u0161e je v\u00edtan\u00e1. Nie nadarmo sa hovor\u00ed, \u201e Kto spieva, dvakr\u00e1t sa modl\u00ed.\u201c<\/p>\n\n\n\n<p>Spevokol otv\u00e1ra na\u010falej svoju n\u00e1ru\u010d pre&nbsp;nov\u00e9 hlasy.<\/p>\n","protected":false},"excerpt":{"rendered":"<p>Detsk\u00fd spevokol pri kostole sv. Katar\u00edny Alexandrijskej v Kva\u010danoch Detsk\u00fd spevokol pre\u0161iel mnoh\u00fdmi zmenami, niektor\u00e9 deti odi\u0161li a\u00a0in\u00e9 zasa pri\u0161li. V\u00a0roku 2005 \u2013 2006 na detsk\u00fdch om\u0161iach za\u010dal hr\u00e1va\u0165 Jozef Forg\u00e1\u010d a\u00a0od janu\u00e1ra 2008 za\u010dal hr\u00e1va\u0165 aj na sv\u00e4t\u00fdch om\u0161iach&#8230;.<\/p>\n","protected":false},"author":1,"featured_media":0,"parent":0,"menu_order":0,"comment_status":"closed","ping_status":"closed","template":"","meta":{"footnotes":""},"class_list":["post-48","page","type-page","status-publish","hentry"],"_links":{"self":[{"href":"https:\/\/kvacany.fara.sk\/index.php?rest_route=\/wp\/v2\/pages\/48"}],"collection":[{"href":"https:\/\/kvacany.fara.sk\/index.php?rest_route=\/wp\/v2\/pages"}],"about":[{"href":"https:\/\/kvacany.fara.sk\/index.php?rest_route=\/wp\/v2\/types\/page"}],"author":[{"embeddable":true,"href":"https:\/\/kvacany.fara.sk\/index.php?rest_route=\/wp\/v2\/users\/1"}],"replies":[{"embeddable":true,"href":"https:\/\/kvacany.fara.sk\/index.php?rest_route=%2Fwp%2Fv2%2Fcomments&post=48"}],"version-history":[{"count":7,"href":"https:\/\/kvacany.fara.sk\/index.php?rest_route=\/wp\/v2\/pages\/48\/revisions"}],"predecessor-version":[{"id":505,"href":"https:\/\/kvacany.fara.sk\/index.php?rest_route=\/wp\/v2\/pages\/48\/revisions\/505"}],"wp:attachment":[{"href":"https:\/\/kvacany.fara.sk\/index.php?rest_route=%2Fwp%2Fv2%2Fmedia&parent=48"}],"curies":[{"name":"wp","href":"https:\/\/api.w.org\/{rel}","templated":true}]}}