{"id":44,"date":"2021-09-14T14:30:34","date_gmt":"2021-09-14T12:30:34","guid":{"rendered":"https:\/\/kvacany1.fara.sk\/?page_id=44"},"modified":"2023-06-25T06:55:47","modified_gmt":"2023-06-25T04:55:47","slug":"sviatosti","status":"publish","type":"page","link":"https:\/\/kvacany.fara.sk\/?page_id=44","title":{"rendered":"Sviatosti"},"content":{"rendered":"\n<p><strong>Krst<\/strong><\/p>\n\n\n\n<p>Prv\u00e1 a najpotrebnej\u0161ia sviatos\u0165, ktorou sa \u010dlovek oslobodzuje od hriechov,&nbsp;st\u00e1va Bo\u017e\u00edm die\u0165a\u0165om a \u010dlenom Kristovej Cirkvi.<\/p>\n\n\n\n<p>Krst vtl\u00e1\u010da \u010dlovekovi do du\u0161e nezmazate\u013en\u00fd znak.<\/p>\n\n\n\n<p>Rodi\u010dia maj\u00fa dba\u0165, aby ich die\u0165a bolo pokrsten\u00e9 \u010d\u00edm sk\u00f4r, v&nbsp;<strong>prv\u00fdch t\u00fd\u017ed\u0148och \u017eivota. <\/strong>Die\u0165a na krst prihlasuj\u00fa rodi\u010dia na fare. K prihl\u00e1seniu je potrebn\u00fd rodn\u00fd list die\u0165a\u0165a. Podmienkou pre pokrstenie die\u0165a\u0165a je, aby o krst po\u017eiadali rodi\u010dia, aby s\u013e\u00fabili, \u017ee ho bud\u00fa vychov\u00e1va\u0165 pod\u013ea Bo\u017e\u00edch prik\u00e1zan\u00ed a n\u00e1uky Cirkvi a aby sami \u017eili pr\u00edkladn\u00fdm kres\u0165ansk\u00fdm \u017eivotom. Rodi\u010dia maj\u00fa zaru\u010di\u0165, \u017ee die\u0165a bude vychov\u00e1van\u00e9 v katol\u00edckom n\u00e1bo\u017eenstve. Ak tak\u00e1 n\u00e1dej ch\u00fdba, krst sa m\u00e1 odlo\u017ei\u0165.<\/p>\n\n\n\n<p>Krstn\u00ed rodi\u010dia maj\u00fa sp\u013a\u0148a\u0165 nasledovn\u00e9 podmienky:<\/p>\n\n\n\n<p>&#8211;&nbsp;&nbsp;&nbsp;&nbsp;&nbsp;&nbsp; pokrsten\u00fd a pobirmovan\u00fd (ak ide o&nbsp;man\u017eelov, by\u0165 cirkevne zosob\u00e1\u0161en\u00fd).<\/p>\n\n\n\n<p>&#8211;&nbsp;&nbsp;&nbsp;&nbsp;&nbsp;&nbsp; aspo\u0148 16 rokov.<\/p>\n\n\n\n<p>&#8211;&nbsp;&nbsp;&nbsp;&nbsp;&nbsp;&nbsp; pr\u00edkladn\u00fd kres\u0165ansk\u00fd \u017eivot.<\/p>\n\n\n\n<p>&#8211;&nbsp;&nbsp;&nbsp;&nbsp;&nbsp;&nbsp; m\u00e1 si ho vybra\u0165 krstenec alebo jeho rodi\u010dia.<\/p>\n\n\n\n<p>&#8211;&nbsp;&nbsp;&nbsp;&nbsp;&nbsp;&nbsp; nem\u00f4\u017ee to by\u0165 vlastn\u00fd otec alebo matka.<\/p>\n\n\n\n<p>Sviatos\u0165ou krstu sa st\u00e1vame Bo\u017e\u00edmi de\u0165mi a \u010dlenmi Kristovej Cirkvi.&nbsp;Je to \u00fa\u017easn\u00e9 vyzna\u010denie, ale aj ve\u013ek\u00e1 zodpovednos\u0165.<\/p>\n\n\n<div class=\"wp-block-image\">\n<figure class=\"aligncenter is-resized\"><img loading=\"lazy\" decoding=\"async\" src=\"https:\/\/luminousdarkcloud.files.wordpress.com\/2012\/09\/theophany.jpg\" alt=\"\" width=\"526\" height=\"340\"\/><figcaption class=\"wp-element-caption\"><strong>Je\u017ei\u0161ov krst, ikona<\/strong><\/figcaption><\/figure><\/div>\n\n\n<p><strong>Birmovanie<\/strong><\/p>\n\n\n\n<p>V&nbsp;tejto sviatosti pokrsten\u00fd dost\u00e1va dar Ducha Sv\u00e4t\u00e9ho, aby sa dokonalej\u0161ie spojil s&nbsp;Cirkvou, aby sa stal svedkom Je\u017ei\u0161a Krista a&nbsp;bol schopn\u00fd slovom i&nbsp;skutkom br\u00e1ni\u0165 a&nbsp;\u0161\u00edri\u0165 vieru.<\/p>\n\n\n\n<p>Podmienkou prijatia sviatosti birmovania je absolvovanie pr\u00edpravy a zodpovedn\u00e9 absolvovanie n\u00e1bo\u017eenskej v\u00fdchovy v&nbsp;\u0161kole.<\/p>\n\n\n\n<p>Pre birmovn\u00e9ho rodi\u010da platia tie ist\u00e9 podmienky ako pre krstn\u00e9ho rodi\u010da. Odpor\u00fa\u010da sa, aby birmovn\u00fdm rodi\u010dom bol krstn\u00fd rodi\u010d.<\/p>\n\n\n<div class=\"wp-block-image\">\n<figure class=\"aligncenter is-resized\"><img loading=\"lazy\" decoding=\"async\" src=\"https:\/\/immanuelgap.files.wordpress.com\/2014\/08\/6687231413_f8d722290d_z.jpg\" alt=\"\" width=\"460\" height=\"411\"\/><figcaption class=\"wp-element-caption\"><strong>Zoslanie Ducha Sv\u00e4t\u00e9ho, El Greco<\/strong><\/figcaption><\/figure><\/div>\n\n\n<p><strong>Pomazanie chor\u00fdch<\/strong><\/p>\n\n\n\n<p>Cirkev odpor\u00fa\u010da \u0165a\u017eko chor\u00fdch veriacich trpiacemu a osl\u00e1ven\u00e9mu P\u00e1novi, aby im u\u013eavil a ich spasil.<\/p>\n\n\n\n<p>Sviatos\u0165 sa ude\u013euje pomazan\u00edm olejom a vysloven\u00edm slov, predp\u00edsan\u00fdch v liturgick\u00fdch knih\u00e1ch. Pomazanie chor\u00fdch m\u00f4\u017ee prija\u0165 ten, kto je v\u00e1\u017ene chor\u00fd, alebo zoslabnut\u00fd starobou, kto chce o\u013eutova\u0165 svoje hriechy a prija\u0165 pomoc Bo\u017eiu ako posilu.<\/p>\n\n\n\n<p>Vysluhuje sa kedyko\u013evek na po\u017eiadanie chor\u00e9ho alebo jeho pr\u00edbuzn\u00fdch.<\/p>\n\n\n<div class=\"wp-block-image\">\n<figure class=\"aligncenter is-resized\"><img loading=\"lazy\" decoding=\"async\" src=\"https:\/\/upload.wikimedia.org\/wikipedia\/commons\/3\/3e\/Christ_Healing_the_Mother_of_Simon_Peter%E2%80%99s_Wife_by_John_Bridges.jpg\" alt=\"\" width=\"442\" height=\"312\"\/><figcaption class=\"wp-element-caption\"><em>Je\u017ei\u0161 uzdravuje Petrovu svokru<\/em><strong>, John Bridges<\/strong><\/figcaption><\/figure><\/div>\n\n\n<p><strong>Sviatos\u0165 zmierenia<\/strong><\/p>\n\n\n\n<p>V na\u0161ej farnosti sa vysluhuje&nbsp;kedyko\u013evek na po\u017eiadanie, zvl\u00e1\u0161\u0165 v&nbsp;prvopiatkov\u00fd t\u00fd\u017ede\u0148 pred sv\u00e4tou om\u0161ou. Pred sviatkami a v\u00fdznamn\u00fdmi udalos\u0165ami sa vysluhuje sviatos\u0165 zmierenia aj s pomocou k\u0148azov z&nbsp;okolia.<\/p>\n\n\n\n<p>Veriaci, ktor\u00ed vo sviatosti pok\u00e1nia vyzn\u00e1vaj\u00fa hriechy z\u00e1konn\u00e9mu vysluhovate\u013eovi, \u013eutuj\u00fa ich a maj\u00fa predsavzatie polep\u0161i\u0165 sa, rozhre\u0161en\u00edm dost\u00e1vaj\u00fa od Boha odpustenie hriechov.<\/p>\n\n\n\n<p>Sviatos\u0165 zmierenia je na\u0161\u00edm n\u00e1vratom k\u00a0milosrdn\u00e9mu Bohu. Vy\u017eaduje si zodpovedn\u00fa pr\u00edpravu a\u00a0\u00faprimn\u00fa \u013e\u00fatos\u0165<\/p>\n\n\n<div class=\"wp-block-image\">\n<figure class=\"aligncenter size-full is-resized\"><img loading=\"lazy\" decoding=\"async\" src=\"https:\/\/kvacany.fara.sk\/wp-content\/uploads\/2023\/06\/image-5.png\" alt=\"\" class=\"wp-image-411\" width=\"350\" height=\"441\" srcset=\"https:\/\/kvacany.fara.sk\/wp-content\/uploads\/2023\/06\/image-5.png 406w, https:\/\/kvacany.fara.sk\/wp-content\/uploads\/2023\/06\/image-5-238x300.png 238w\" sizes=\"(max-width: 350px) 100vw, 350px\" \/><\/figure><\/div>\n\n\n<p class=\"has-text-align-center\"><strong><em>N\u00e1vrat m\u00e1rnotratn\u00e9ho syna<\/em>, Rembrandt van Rijn<\/strong><\/p>\n\n\n\n<p><strong>Sviatos\u0165 man\u017eelstva<\/strong><\/p>\n\n\n\n<p>Man\u017eelsk\u00fa zmluvu, ktorou mu\u017e a \u017eena vytv\u00e1raj\u00fa spolo\u010denstvo na cel\u00fd \u017eivot a ktor\u00e1 je svojou povahou zameran\u00e1 na dobro man\u017eelov, ako aj na prijatie a v\u00fdchovu det\u00ed, pov\u00fd\u0161il Kristus na sviatos\u0165.<\/p>\n\n\n\n<p>Podstatn\u00fdmi vlastnos\u0165ami man\u017eelstva s\u00fa jednota a&nbsp;nerozlu\u010dite\u013enos\u0165.<\/p>\n\n\n\n<p>Sn\u00fabenci sa maj\u00fa ohl\u00e1si\u0165 na farskom \u00farade aspo\u0148 tri mesiace pred sob\u00e1\u0161om.<\/p>\n\n\n\n<p>K z\u00e1pisu s\u00fa potrebne krstn\u00e9 listy (ak nie s\u00fa pokrsten\u00ed u n\u00e1s) a z\u00e1pisnica zo \u0161t\u00e1tnej matriky. Pred sob\u00e1\u0161om sa vy\u017eaduje pr\u00edprava, ktor\u00e1 spo\u010d\u00edva v&nbsp;nieko\u013ek\u00fdch stretnutiach na fare.<\/p>\n\n\n\n<p class=\"has-text-align-center\"><img loading=\"lazy\" decoding=\"async\" width=\"269\" height=\"352\" src=\"http:\/\/4.bp.blogspot.com\/-ujtNyEn5Nco\/VWn8_sAr8KI\/AAAAAAAAi6s\/eWKNeRaTrQU\/s1600\/dbe42d011f6c0b21fbf0cd2720a9fb78.jpg\" alt=\"\"><\/p>\n\n\n\n<p class=\"has-text-align-center\"><strong>Leonid Afremov<\/strong><\/p>\n","protected":false},"excerpt":{"rendered":"<p>Krst Prv\u00e1 a najpotrebnej\u0161ia sviatos\u0165, ktorou sa \u010dlovek oslobodzuje od hriechov,&nbsp;st\u00e1va Bo\u017e\u00edm die\u0165a\u0165om a \u010dlenom Kristovej Cirkvi. Krst vtl\u00e1\u010da \u010dlovekovi do du\u0161e nezmazate\u013en\u00fd znak. Rodi\u010dia maj\u00fa dba\u0165, aby ich die\u0165a bolo pokrsten\u00e9 \u010d\u00edm sk\u00f4r, v&nbsp;prv\u00fdch t\u00fd\u017ed\u0148och \u017eivota. Die\u0165a na krst&#8230;<\/p>\n","protected":false},"author":1,"featured_media":0,"parent":0,"menu_order":0,"comment_status":"closed","ping_status":"closed","template":"","meta":{"footnotes":""},"class_list":["post-44","page","type-page","status-publish","hentry"],"_links":{"self":[{"href":"https:\/\/kvacany.fara.sk\/index.php?rest_route=\/wp\/v2\/pages\/44"}],"collection":[{"href":"https:\/\/kvacany.fara.sk\/index.php?rest_route=\/wp\/v2\/pages"}],"about":[{"href":"https:\/\/kvacany.fara.sk\/index.php?rest_route=\/wp\/v2\/types\/page"}],"author":[{"embeddable":true,"href":"https:\/\/kvacany.fara.sk\/index.php?rest_route=\/wp\/v2\/users\/1"}],"replies":[{"embeddable":true,"href":"https:\/\/kvacany.fara.sk\/index.php?rest_route=%2Fwp%2Fv2%2Fcomments&post=44"}],"version-history":[{"count":5,"href":"https:\/\/kvacany.fara.sk\/index.php?rest_route=\/wp\/v2\/pages\/44\/revisions"}],"predecessor-version":[{"id":413,"href":"https:\/\/kvacany.fara.sk\/index.php?rest_route=\/wp\/v2\/pages\/44\/revisions\/413"}],"wp:attachment":[{"href":"https:\/\/kvacany.fara.sk\/index.php?rest_route=%2Fwp%2Fv2%2Fmedia&parent=44"}],"curies":[{"name":"wp","href":"https:\/\/api.w.org\/{rel}","templated":true}]}}