{"id":36,"date":"2021-09-14T14:29:21","date_gmt":"2021-09-14T12:29:21","guid":{"rendered":"https:\/\/kvacany1.fara.sk\/?page_id=36"},"modified":"2026-01-27T06:38:24","modified_gmt":"2026-01-27T05:38:24","slug":"sluzba-lektorov","status":"publish","type":"page","link":"https:\/\/kvacany.fara.sk\/?page_id=36","title":{"rendered":"Slu\u017eba lektorov"},"content":{"rendered":"<div class=\"wp-block-image\">\n<figure class=\"aligncenter size-full is-resized\"><img loading=\"lazy\" decoding=\"async\" width=\"617\" height=\"900\" src=\"https:\/\/kvacany.fara.sk\/wp-content\/uploads\/2023\/06\/image-3.png\" alt=\"\" class=\"wp-image-389\" style=\"width:149px;height:217px\" srcset=\"https:\/\/kvacany.fara.sk\/wp-content\/uploads\/2023\/06\/image-3.png 617w, https:\/\/kvacany.fara.sk\/wp-content\/uploads\/2023\/06\/image-3-206x300.png 206w\" sizes=\"(max-width: 617px) 100vw, 617px\" \/><\/figure><\/div>\n\n\n<p><\/p>\n\n\n\n<h3 class=\"wp-block-heading has-text-align-center\"><mark style=\"background-color:rgba(0, 0, 0, 0)\" class=\"has-inline-color has-vivid-purple-color\">\u00a0\u00a0 ZOZNAM \u010c\u00cdTAJ\u00daCICH OD 01. 02. 2026 \u2013 24. 05. 2026<\/mark><\/h3>\n\n\n\n<figure class=\"wp-block-table\"><table class=\"has-fixed-layout\"><tbody><tr><td><strong>D\u00e1tum<\/strong><\/td><td><strong>Lektor<\/strong><\/td><td><strong>Lektor<\/strong><\/td><\/tr><tr><td><strong><em>01.02.2026<\/em><\/strong><\/td><td>K\u00e9riov\u00e1 Katar\u00edna<\/td><td>Koj\u0161ov\u00e1 J\u00falia<\/td><\/tr><tr><td><strong><em>08.02.2026<\/em><\/strong><\/td><td>Koj\u0161ov\u00e1 Katar\u00edna<\/td><td>Glon\u010d\u00e1kov\u00e1 Anna<\/td><\/tr><tr><td><strong><em>15.02.2026<\/em><\/strong><\/td><td>Gromsk\u00fd Ladislav<\/td><td>Galica Milan<\/td><\/tr><tr><td><strong><em>22.02.2026<\/em><\/strong><\/td><td>Jan\u010dokov\u00e1 M\u00e1ria<\/td><td>Koj\u0161ov\u00e1 Marta<\/td><\/tr><tr><td><strong><em>01.03.2026<\/em><\/strong><\/td><td>Odlev\u00e1kov\u00e1 Janka<\/td><td>Ger\u00e1tov\u00e1 J\u00falia<\/td><\/tr><tr><td><strong><em>08.03.2026<\/em><\/strong><\/td><td>Drbjakov\u00e1 Anna<\/td><td>Stan\u00edkov\u00e1 Viera<\/td><\/tr><tr><td><strong><em>15.03.2026<\/em><\/strong><\/td><td>H\u00faskov\u00e1 Franti\u0161ka<\/td><td>Matajov\u00e1 Drahom\u00edra<\/td><\/tr><tr><td><strong><em>22.03.2026<\/em><\/strong><\/td><td>B\u00e1lek Jaroslav<\/td><td>B\u00e1lekov\u00e1 Zdenka<\/td><\/tr><tr><td><strong><em>29.03.2026<\/em><\/strong><\/td><td>Strom\u010dek Jaroslav<\/td><td>Ger\u00e1t J\u00e1n<\/td><\/tr><tr><td><strong><em>05.04.2026<\/em><\/strong><\/td><td>K\u00e9riov\u00e1 Katar\u00edna<\/td><td>Koj\u0161ov\u00e1 J\u00falia<\/td><\/tr><tr><td><strong><em>12.04.2026<\/em><\/strong><\/td><td>Koj\u0161ov\u00e1 Katar\u00edna<\/td><td>Glon\u010d\u00e1kov\u00e1 Anna<\/td><\/tr><tr><td><strong><em>19.04.2026<\/em><\/strong><\/td><td>Gromsk\u00fd Ladislav<\/td><td>Galica Milan<\/td><\/tr><tr><td><strong><em>26.04.2026<\/em><\/strong><\/td><td>Jan\u010dokov\u00e1 M\u00e1ria<\/td><td>Koj\u0161ov\u00e1 Marta<\/td><\/tr><tr><td><strong><em>03.05.2026<\/em><\/strong><\/td><td>Odlev\u00e1kov\u00e1 Janka<\/td><td>Ger\u00e1tov\u00e1 J\u00falia<\/td><\/tr><tr><td><strong><em>10.05.2026<\/em><\/strong><\/td><td>Drbjakov\u00e1 Anna<\/td><td>Stan\u00edkov\u00e1 Viera<\/td><\/tr><tr><td><strong><em>14.05.2026<\/em><\/strong><\/td><td>H\u00faskov\u00e1 Franti\u0161ka<\/td><td>Matajov\u00e1 Drahom\u00edra<\/td><\/tr><tr><td><strong><em>17.05.2026<\/em><\/strong><\/td><td>B\u00e1lek Jaroslav<\/td><td>B\u00e1lekov\u00e1 Zdenka<\/td><\/tr><tr><td><strong><em>24.05.2026<\/em><\/strong><\/td><td>Strom\u010dek Jaroslav<\/td><td>Ger\u00e1t J\u00e1n<\/td><\/tr><\/tbody><\/table><\/figure>\n\n\n\n<p><a><strong>&nbsp;&nbsp;&nbsp;&nbsp;&nbsp;&nbsp;&nbsp;&nbsp;&nbsp;&nbsp;&nbsp;&nbsp;&nbsp;&nbsp;&nbsp;&nbsp;&nbsp;&nbsp;&nbsp;<\/strong><\/a><\/p>\n\n\n\n<p><strong>&nbsp;&nbsp;&nbsp;&nbsp;&nbsp;&nbsp;&nbsp;&nbsp;&nbsp;&nbsp;&nbsp;&nbsp;&nbsp;&nbsp;&nbsp;&nbsp;&nbsp;&nbsp;&nbsp;<\/strong><\/p>\n\n\n\n<p><strong>&nbsp;&nbsp;&nbsp;&nbsp;&nbsp;&nbsp;&nbsp;&nbsp;&nbsp;&nbsp;&nbsp;&nbsp;&nbsp;&nbsp;&nbsp;&nbsp;&nbsp;&nbsp;&nbsp;<\/strong><\/p>\n\n\n\n<p><\/p>\n","protected":false},"excerpt":{"rendered":"<p>\u00a0\u00a0 ZOZNAM \u010c\u00cdTAJ\u00daCICH OD 01. 02. 2026 \u2013 24. 05. 2026 D\u00e1tum Lektor Lektor 01.02.2026 K\u00e9riov\u00e1 Katar\u00edna Koj\u0161ov\u00e1 J\u00falia 08.02.2026 Koj\u0161ov\u00e1 Katar\u00edna Glon\u010d\u00e1kov\u00e1 Anna 15.02.2026 Gromsk\u00fd Ladislav Galica Milan 22.02.2026 Jan\u010dokov\u00e1 M\u00e1ria Koj\u0161ov\u00e1 Marta 01.03.2026 Odlev\u00e1kov\u00e1 Janka Ger\u00e1tov\u00e1 J\u00falia 08.03.2026&#8230;<\/p>\n","protected":false},"author":1,"featured_media":0,"parent":0,"menu_order":0,"comment_status":"closed","ping_status":"closed","template":"","meta":{"footnotes":""},"class_list":["post-36","page","type-page","status-publish","hentry"],"_links":{"self":[{"href":"https:\/\/kvacany.fara.sk\/index.php?rest_route=\/wp\/v2\/pages\/36"}],"collection":[{"href":"https:\/\/kvacany.fara.sk\/index.php?rest_route=\/wp\/v2\/pages"}],"about":[{"href":"https:\/\/kvacany.fara.sk\/index.php?rest_route=\/wp\/v2\/types\/page"}],"author":[{"embeddable":true,"href":"https:\/\/kvacany.fara.sk\/index.php?rest_route=\/wp\/v2\/users\/1"}],"replies":[{"embeddable":true,"href":"https:\/\/kvacany.fara.sk\/index.php?rest_route=%2Fwp%2Fv2%2Fcomments&post=36"}],"version-history":[{"count":22,"href":"https:\/\/kvacany.fara.sk\/index.php?rest_route=\/wp\/v2\/pages\/36\/revisions"}],"predecessor-version":[{"id":2135,"href":"https:\/\/kvacany.fara.sk\/index.php?rest_route=\/wp\/v2\/pages\/36\/revisions\/2135"}],"wp:attachment":[{"href":"https:\/\/kvacany.fara.sk\/index.php?rest_route=%2Fwp%2Fv2%2Fmedia&parent=36"}],"curies":[{"name":"wp","href":"https:\/\/api.w.org\/{rel}","templated":true}]}}